{"id":1202,"date":"2024-03-13T14:51:58","date_gmt":"2024-03-13T21:51:58","guid":{"rendered":"https:\/\/opendoorsstg.wpenginepowered.com\/1202-2\/"},"modified":"2025-11-20T12:53:19","modified_gmt":"2025-11-20T20:53:19","slug":"apoyo","status":"publish","type":"page","link":"https:\/\/opendoorstraining.org\/es\/apoyo\/","title":{"rendered":"Materiales de apoyo solidario"},"content":{"rendered":"\n\n\t\t\t\t<img decoding=\"async\" src=\"https:\/\/opendoorstraining.org\/wp-content\/uploads\/\/linked-arms-AdobeStock_518549561-600x400.jpeg\" alt=\"brazos unidos\" itemprop=\"image\" title=\"brazos unidos\" onerror=\"this.style.display='none'\" loading=\"lazy\" \/>\n<h1>\n\t\t\tMateriales <wbr \/>de apoyo <wbr \/>solidario\t<\/h1>\n\t\t<h2>Nadie deber\u00eda sentirse avergonzado por necesitar ayuda.<\/h2>\t\n\t<h4>Las creencias negativas y los conceptos err\u00f3neos (estigmas) a menudo impiden que las personas busquen la ayuda que necesitan con el uso de sustancias u otros problemas de salud conductual.<\/h4>\n<p>El estigma existe en diversos entornos como las escuelas, los lugares de trabajo y las cl\u00ednicas m\u00e9dicas. Ya sea usando palabras hirientes como \u00abloco\u00bb o \u00abdrogadicto\u00bb, o pensando que la adicci\u00f3n es simplemente una falla moral, el estigma crea obst\u00e1culos para quienes necesitan apoyo.<\/p>\n<h4>El uso de sustancias y otros problemas de salud conductual pueden afectar a cualquiera. <\/h4>\n<p>Si bien podr\u00eda parecer que los desaf\u00edos de salud mental y uso de sustancias son algo que le sucede a otra persona, a otros en su comunidad, los desaf\u00edos de salud conductual pueden afectar a cualquiera y no necesariamente se ven de una manera espec\u00edfica.<\/p>\n<h4>El uso de sustancias y otros problemas de salud conductual no son algo de qu\u00e9 avergonzarse. <\/h4>\n<p>Las necesidades de salud conductual pueden incluir trastornos por uso de sustancias o enfermedades mentales graves, como un trastorno depresivo mayor o esquizofrenia, pero tambi\u00e9n pueden parecer depresi\u00f3n, ansiedad o TDAH. Muchas personas que usted ama y le importan pueden estar experimentando problemas por consumo de sustancias u otros problemas de salud conductual. Al asegurarles que los desaf\u00edos de salud conductual no son nada de qu\u00e9 avergonzarse, puede ayudarles a obtener la atenci\u00f3n y el apoyo que necesitan.<\/p>\n\t\t<h2>C\u00f3mo ofrecer apoyo solidario.<\/h2>\t\n\t<p>En Puertas Abiertas, nuestro objetivo es crear una cultura de respeto y comprensi\u00f3n a trav\u00e9s de la educaci\u00f3n, la defensa y el enfoque informado sobre el trauma. Al aumentar la conciencia y el conocimiento, podemos ayudar a eliminar las barreras y fomentar un enfoque m\u00e1s solidario para el uso de sustancias y otros problemas de salud conductual. A medida que continuamos desarrollando nuestros recursos solidarios, le invitamos a unirse a nosotros para difundir el mensaje:<\/p>\n\t<h3>Usar un lenguaje que se centre en las personas<\/h3>\n<p>Es posible que desee comenzar por comprender c\u00f3mo su idioma tiene el potencial de avergonzar a las personas&#8230; o bien, hacer que se sientan empoderadas y esperanzadas. Esto puede ser tan simple como <strong>usar un <\/strong><a href=\"https:\/\/injurycenter.umich.edu\/wp-content\/uploads\/2019\/12\/Words-Matter.pdf\" target=\"_blank\" rel=\"noopener\"><strong>lenguaje que se centre en las personas<\/strong><\/a>, dejando en claro que el uso de sustancias y otros problemas de salud conductual son afecciones m\u00e9dicas como cualquier otra y NO la totalidad de la identidad de alguien.<\/p>\n\t<h3>M\u00c1S INFORMACI\u00d3N SOBRE LA RECUPERACI\u00d3N<\/h3>\n<p><strong>Escuche <a href=\"https:\/\/unshameca.org\/news\" target=\"_blank\" rel=\"noopener\">historias de californianos recuper\u00e1ndose<\/a><\/strong> del uso de sustancias  y de otros retos de salud conductual, destacando el camino particular que toma cada persona. No todas las personas que consumen sustancias desarrollan un trastorno por usarlas. Sin embargo, quienes sufren impactos graves por el uso de este tipo de sustancias pueden buscar la recuperaci\u00f3n como un camino a seguir. La recuperaci\u00f3n se ve diferente para todos, y estas historias resaltan los muchos caminos que siguen las personas hacia la curaci\u00f3n y el bienestar.<\/p>\n\t<h3>Compartir mensajes de apoyo<\/h3>\n<p><a href=\"https:\/\/refocuslookagain.org\/\" target=\"_blank\" rel=\"noopener\"><strong>Comparta mensajes de reafirmaci\u00f3n en las redes sociales<\/strong><\/a> y muestre su apoyo a aquellos que podr\u00edan estar luchando.<\/p>\n\t<h3>Juntos podemos trabajar hacia un futuro en el que todos se sientan seguros y apoyados en su camino hacia el bienestar.<\/h3>\n<h2>\n\t\t\tM\u00e1s recursos\t<\/h2>\n<h2>\n\t\t\t\u00bfQu\u00e9 es el trastorno por uso de sustancias (SUD)?\t<\/h2>\n\t\t\t<a href=\"https:\/\/www.hopkinsmedicine.org\/health\/conditions-and-diseases\/substance-abuse-chemical-dependency\" target=\"_blank\" rel=\"noopener\">\n\t\t\t\t\t\t\tJohns Hopkins Health: Art\u00edculo\n\t\t\t<\/a>\n\t\t\t<a href=\"https:\/\/caadpe.org\/wp-content\/uploads\/2023\/10\/CAADPE-SUD-101-update-2023-09-19-sm.pdf\" target=\"_blank\" rel=\"noopener\">\n\t\t\t\t\t\t\tAsociaci\u00f3n de Ejecutivos del Programa de Alcohol y Drogas de California: SUD 101\n\t\t\t<\/a>\n<h2>\n\t\t\t\u00bfPor qu\u00e9 los adolescentes beben y experimentan con drogas?\t<\/h2>\n\t\t\t<a href=\"https:\/\/drugfree.org\/recursos-en-espanol\/prevencion-y-accion-temprana\/factores-de-riesgo\/adolescentes-experimentacion-con-drogas\/\" target=\"_blank\" rel=\"noopener\">\n\t\t\t\t\t\t\tAsociaci\u00f3n para acabar con la adicci\u00f3n: las 8 razones principales\n\t\t\t<\/a>\n<h2>\n\t\t\t\u00bfC\u00f3mo puedo obtener m\u00e1s informaci\u00f3n sobre el estigma?\t<\/h2>\n\t\t\t<a href=\"https:\/\/www.dol.gov\/agencies\/eta\/RRW-hub\/Getting-started\/Addressing-stigma\" target=\"_blank\" rel=\"noopener\">\n\t\t\t\t\t\t\tAsociaci\u00f3n para acabar con la adicci\u00f3n: Abordar el estigma\n\t\t\t<\/a>\n\t\t\t<a href=\"https:\/\/nida.nih.gov\/es\/areas-de-investigacion\/estigma-y-discriminacion\" target=\"_blank\" rel=\"noopener\">\n\t\t\t\t\t\t\tInstituto Nacional sobre el Uso de Drogas (NIDA): Estigma y discriminaci\u00f3n\n\t\t\t<\/a>\n<h2>\n\t\t\tPractique un lenguaje desestigmatizante\t<\/h2>\n\t\t\t<a href=\"https:\/\/nida.nih.gov\/es\/areas-de-investigacion\/la-ciencia-de-la-adiccion\/las-palabras-importan-terminos-preferidos-al-hablar-de-adiccion\" target=\"_blank\" rel=\"noopener\">\n\t\t\t\t\t\t\tNIDA: Las palabras importan: qu\u00e9 t\u00e9rminos usar y cu\u00e1les evitar cuando se habla de adicci\u00f3n\n\t\t\t<\/a>\n<h2>\n\t\t\t\u00bfC\u00f3mo puedo ayudar&#8230;<br \/> a superar el estigma y reducir la discriminaci\u00f3n?\t<\/h2>\n\t\t\t<a href=\"https:\/\/www.samhsa.gov\/sites\/default\/files\/overcoming-stigma-ending-discrimination-resource-guide.pdf\" target=\"_blank\" rel=\"noopener\">\n\t\t\t\t\t\t\tAdministraci\u00f3n de Servicios de Salud Mental y Abuso de Sustancias (SAMHSA): Gu\u00eda de recursos\n\t\t\t<\/a>\n\t\t\t<a href=\"https:\/\/opendoorstraining.org\/es\/interes\/\" target=\"_self\">\n\t\t\t\t\t\t\tSuscr\u00edbase a nuestra lista de correo\n\t\t\t<\/a>\n\n","protected":false},"excerpt":{"rendered":"<p>Materiales de apoyo solidario Nadie deber\u00eda sentirse avergonzado por necesitar ayuda. Las creencias negativas y los conceptos err\u00f3neos (estigmas) a menudo impiden que las personas busquen la ayuda que necesitan con el uso de sustancias u otros problemas de salud conductual. El estigma existe en diversos entornos como las escuelas, los lugares de trabajo y&hellip;<\/p>\n","protected":false},"author":2,"featured_media":0,"parent":0,"menu_order":0,"comment_status":"closed","ping_status":"closed","template":"","meta":{"inline_featured_image":false,"footnotes":""},"class_list":["post-1202","page","type-page","status-publish","hentry"],"yoast_head":"<!-- This site is optimized with the Yoast SEO plugin v27.5 - https:\/\/yoast.com\/product\/yoast-seo-wordpress\/ -->\n<title>Materiales de apoyo solidario | Open Doors Training<\/title>\n<meta name=\"description\" content=\"Estamos comprometidos a fomentar un entorno en el que las personas que luchan contra el uso de sustancias y los desaf\u00edos de salud mental sean tratadas con respeto, apoyo y empoderamiento.\" \/>\n<meta name=\"robots\" content=\"index, follow, max-snippet:-1, max-image-preview:large, max-video-preview:-1\" \/>\n<link rel=\"canonical\" href=\"https:\/\/opendoorstraining.org\/es\/apoyo\/\" \/>\n<meta property=\"og:locale\" content=\"es_ES\" \/>\n<meta property=\"og:type\" content=\"article\" \/>\n<meta property=\"og:title\" content=\"Materiales de apoyo solidario | Open Doors Training\" \/>\n<meta property=\"og:description\" content=\"Estamos comprometidos a fomentar un entorno en el que las personas que luchan contra el uso de sustancias y los desaf\u00edos de salud mental sean tratadas con respeto, apoyo y empoderamiento.\" \/>\n<meta property=\"og:url\" content=\"https:\/\/opendoorstraining.org\/es\/apoyo\/\" \/>\n<meta property=\"og:site_name\" content=\"Open Doors Training\" \/>\n<meta property=\"article:modified_time\" content=\"2025-11-20T20:53:19+00:00\" \/>\n<meta property=\"og:image\" content=\"https:\/\/opendoorstraining.org\/wp-content\/uploads\/\/linked-arms-AdobeStock_518549561-600x400.jpeg\" \/>\n<meta name=\"twitter:card\" content=\"summary_large_image\" \/>\n<meta name=\"twitter:label1\" content=\"Tiempo de lectura\" \/>\n\t<meta name=\"twitter:data1\" content=\"4 minutos\" \/>\n<script type=\"application\/ld+json\" class=\"yoast-schema-graph\">{\"@context\":\"https:\\\/\\\/schema.org\",\"@graph\":[{\"@type\":\"WebPage\",\"@id\":\"https:\\\/\\\/opendoorstraining.org\\\/es\\\/apoyo\\\/\",\"url\":\"https:\\\/\\\/opendoorstraining.org\\\/es\\\/apoyo\\\/\",\"name\":\"Materiales de apoyo solidario | Open Doors Training\",\"isPartOf\":{\"@id\":\"https:\\\/\\\/opendoorstraining.org\\\/es\\\/#website\"},\"primaryImageOfPage\":{\"@id\":\"https:\\\/\\\/opendoorstraining.org\\\/es\\\/apoyo\\\/#primaryimage\"},\"image\":{\"@id\":\"https:\\\/\\\/opendoorstraining.org\\\/es\\\/apoyo\\\/#primaryimage\"},\"thumbnailUrl\":\"https:\\\/\\\/opendoorstraining.org\\\/wp-content\\\/uploads\\\/\\\/linked-arms-AdobeStock_518549561-600x400.jpeg\",\"datePublished\":\"2024-03-13T21:51:58+00:00\",\"dateModified\":\"2025-11-20T20:53:19+00:00\",\"description\":\"Estamos comprometidos a fomentar un entorno en el que las personas que luchan contra el uso de sustancias y los desaf\u00edos de salud mental sean tratadas con respeto, apoyo y empoderamiento.\",\"breadcrumb\":{\"@id\":\"https:\\\/\\\/opendoorstraining.org\\\/es\\\/apoyo\\\/#breadcrumb\"},\"inLanguage\":\"es\",\"potentialAction\":[{\"@type\":\"ReadAction\",\"target\":[\"https:\\\/\\\/opendoorstraining.org\\\/es\\\/apoyo\\\/\"]}]},{\"@type\":\"ImageObject\",\"inLanguage\":\"es\",\"@id\":\"https:\\\/\\\/opendoorstraining.org\\\/es\\\/apoyo\\\/#primaryimage\",\"url\":\"https:\\\/\\\/opendoorstraining.org\\\/wp-content\\\/uploads\\\/\\\/linked-arms-AdobeStock_518549561-600x400.jpeg\",\"contentUrl\":\"https:\\\/\\\/opendoorstraining.org\\\/wp-content\\\/uploads\\\/\\\/linked-arms-AdobeStock_518549561-600x400.jpeg\"},{\"@type\":\"BreadcrumbList\",\"@id\":\"https:\\\/\\\/opendoorstraining.org\\\/es\\\/apoyo\\\/#breadcrumb\",\"itemListElement\":[{\"@type\":\"ListItem\",\"position\":1,\"name\":\"Inicio\",\"item\":\"https:\\\/\\\/opendoorstraining.org\\\/es\\\/\"},{\"@type\":\"ListItem\",\"position\":2,\"name\":\"Materiales de apoyo solidario\"}]},{\"@type\":\"WebSite\",\"@id\":\"https:\\\/\\\/opendoorstraining.org\\\/es\\\/#website\",\"url\":\"https:\\\/\\\/opendoorstraining.org\\\/es\\\/\",\"name\":\"Open Doors Training\",\"description\":\"Engaging Youth in Real Conversations about Substance Use\",\"publisher\":{\"@id\":\"https:\\\/\\\/opendoorstraining.org\\\/es\\\/#organization\"},\"alternateName\":\"CAADPE\",\"potentialAction\":[{\"@type\":\"SearchAction\",\"target\":{\"@type\":\"EntryPoint\",\"urlTemplate\":\"https:\\\/\\\/opendoorstraining.org\\\/es\\\/?s={search_term_string}\"},\"query-input\":{\"@type\":\"PropertyValueSpecification\",\"valueRequired\":true,\"valueName\":\"search_term_string\"}}],\"inLanguage\":\"es\"},{\"@type\":\"Organization\",\"@id\":\"https:\\\/\\\/opendoorstraining.org\\\/es\\\/#organization\",\"name\":\"Capacitaci\u00f3n de Puertas Abiertas\",\"alternateName\":\"CAADPE\",\"url\":\"https:\\\/\\\/opendoorstraining.org\\\/es\\\/\",\"logo\":{\"@type\":\"ImageObject\",\"inLanguage\":\"es\",\"@id\":\"https:\\\/\\\/opendoorstraining.org\\\/es\\\/#\\\/schema\\\/logo\\\/image\\\/\",\"url\":\"https:\\\/\\\/opendoorstraining.org\\\/wp-content\\\/uploads\\\/horizontal-logo.svg\",\"contentUrl\":\"https:\\\/\\\/opendoorstraining.org\\\/wp-content\\\/uploads\\\/horizontal-logo.svg\",\"width\":4.33,\"height\":3.31,\"caption\":\"Capacitaci\u00f3n de Puertas Abiertas\"},\"image\":{\"@id\":\"https:\\\/\\\/opendoorstraining.org\\\/es\\\/#\\\/schema\\\/logo\\\/image\\\/\"}}]}<\/script>\n<!-- \/ Yoast SEO plugin. -->","yoast_head_json":{"title":"Materiales de apoyo solidario | Open Doors Training","description":"Estamos comprometidos a fomentar un entorno en el que las personas que luchan contra el uso de sustancias y los desaf\u00edos de salud mental sean tratadas con respeto, apoyo y empoderamiento.","robots":{"index":"index","follow":"follow","max-snippet":"max-snippet:-1","max-image-preview":"max-image-preview:large","max-video-preview":"max-video-preview:-1"},"canonical":"https:\/\/opendoorstraining.org\/es\/apoyo\/","og_locale":"es_ES","og_type":"article","og_title":"Materiales de apoyo solidario | Open Doors Training","og_description":"Estamos comprometidos a fomentar un entorno en el que las personas que luchan contra el uso de sustancias y los desaf\u00edos de salud mental sean tratadas con respeto, apoyo y empoderamiento.","og_url":"https:\/\/opendoorstraining.org\/es\/apoyo\/","og_site_name":"Open Doors Training","article_modified_time":"2025-11-20T20:53:19+00:00","og_image":[{"url":"https:\/\/opendoorstraining.org\/wp-content\/uploads\/\/linked-arms-AdobeStock_518549561-600x400.jpeg","type":"","width":"","height":""}],"twitter_card":"summary_large_image","twitter_misc":{"Tiempo de lectura":"4 minutos"},"schema":{"@context":"https:\/\/schema.org","@graph":[{"@type":"WebPage","@id":"https:\/\/opendoorstraining.org\/es\/apoyo\/","url":"https:\/\/opendoorstraining.org\/es\/apoyo\/","name":"Materiales de apoyo solidario | Open Doors Training","isPartOf":{"@id":"https:\/\/opendoorstraining.org\/es\/#website"},"primaryImageOfPage":{"@id":"https:\/\/opendoorstraining.org\/es\/apoyo\/#primaryimage"},"image":{"@id":"https:\/\/opendoorstraining.org\/es\/apoyo\/#primaryimage"},"thumbnailUrl":"https:\/\/opendoorstraining.org\/wp-content\/uploads\/\/linked-arms-AdobeStock_518549561-600x400.jpeg","datePublished":"2024-03-13T21:51:58+00:00","dateModified":"2025-11-20T20:53:19+00:00","description":"Estamos comprometidos a fomentar un entorno en el que las personas que luchan contra el uso de sustancias y los desaf\u00edos de salud mental sean tratadas con respeto, apoyo y empoderamiento.","breadcrumb":{"@id":"https:\/\/opendoorstraining.org\/es\/apoyo\/#breadcrumb"},"inLanguage":"es","potentialAction":[{"@type":"ReadAction","target":["https:\/\/opendoorstraining.org\/es\/apoyo\/"]}]},{"@type":"ImageObject","inLanguage":"es","@id":"https:\/\/opendoorstraining.org\/es\/apoyo\/#primaryimage","url":"https:\/\/opendoorstraining.org\/wp-content\/uploads\/\/linked-arms-AdobeStock_518549561-600x400.jpeg","contentUrl":"https:\/\/opendoorstraining.org\/wp-content\/uploads\/\/linked-arms-AdobeStock_518549561-600x400.jpeg"},{"@type":"BreadcrumbList","@id":"https:\/\/opendoorstraining.org\/es\/apoyo\/#breadcrumb","itemListElement":[{"@type":"ListItem","position":1,"name":"Inicio","item":"https:\/\/opendoorstraining.org\/es\/"},{"@type":"ListItem","position":2,"name":"Materiales de apoyo solidario"}]},{"@type":"WebSite","@id":"https:\/\/opendoorstraining.org\/es\/#website","url":"https:\/\/opendoorstraining.org\/es\/","name":"Open Doors Training","description":"Engaging Youth in Real Conversations about Substance Use","publisher":{"@id":"https:\/\/opendoorstraining.org\/es\/#organization"},"alternateName":"CAADPE","potentialAction":[{"@type":"SearchAction","target":{"@type":"EntryPoint","urlTemplate":"https:\/\/opendoorstraining.org\/es\/?s={search_term_string}"},"query-input":{"@type":"PropertyValueSpecification","valueRequired":true,"valueName":"search_term_string"}}],"inLanguage":"es"},{"@type":"Organization","@id":"https:\/\/opendoorstraining.org\/es\/#organization","name":"Capacitaci\u00f3n de Puertas Abiertas","alternateName":"CAADPE","url":"https:\/\/opendoorstraining.org\/es\/","logo":{"@type":"ImageObject","inLanguage":"es","@id":"https:\/\/opendoorstraining.org\/es\/#\/schema\/logo\/image\/","url":"https:\/\/opendoorstraining.org\/wp-content\/uploads\/horizontal-logo.svg","contentUrl":"https:\/\/opendoorstraining.org\/wp-content\/uploads\/horizontal-logo.svg","width":4.33,"height":3.31,"caption":"Capacitaci\u00f3n de Puertas Abiertas"},"image":{"@id":"https:\/\/opendoorstraining.org\/es\/#\/schema\/logo\/image\/"}}]}},"_links":{"self":[{"href":"https:\/\/opendoorstraining.org\/es\/wp-json\/wp\/v2\/pages\/1202","targetHints":{"allow":["GET"]}}],"collection":[{"href":"https:\/\/opendoorstraining.org\/es\/wp-json\/wp\/v2\/pages"}],"about":[{"href":"https:\/\/opendoorstraining.org\/es\/wp-json\/wp\/v2\/types\/page"}],"author":[{"embeddable":true,"href":"https:\/\/opendoorstraining.org\/es\/wp-json\/wp\/v2\/users\/2"}],"replies":[{"embeddable":true,"href":"https:\/\/opendoorstraining.org\/es\/wp-json\/wp\/v2\/comments?post=1202"}],"version-history":[{"count":0,"href":"https:\/\/opendoorstraining.org\/es\/wp-json\/wp\/v2\/pages\/1202\/revisions"}],"wp:attachment":[{"href":"https:\/\/opendoorstraining.org\/es\/wp-json\/wp\/v2\/media?parent=1202"}],"curies":[{"name":"wp","href":"https:\/\/api.w.org\/{rel}","templated":true}]}}